{"id":3,"date":"2025-08-14T10:45:07","date_gmt":"2025-08-14T10:45:07","guid":{"rendered":"https:\/\/22loungelisbon.com\/?page_id=3"},"modified":"2025-11-12T14:07:41","modified_gmt":"2025-11-12T14:07:41","slug":"privacy-policy","status":"publish","type":"page","link":"https:\/\/22loungelisbon.com\/pt\/privacy-policy\/","title":{"rendered":"Cookies e pol\u00edticas de privacidade"},"content":{"rendered":"<div data-elementor-type=\"wp-page\" data-elementor-id=\"3\" class=\"elementor elementor-3\" data-elementor-post-type=\"page\">\n\t\t\t\t<div class=\"elementor-element elementor-element-19d69ea4 e-flex e-con-boxed e-con e-parent\" data-id=\"19d69ea4\" data-element_type=\"container\" data-settings=\"{&quot;background_background&quot;:&quot;classic&quot;}\">\n\t\t\t\t\t<div class=\"e-con-inner\">\n\t\t\t\t<div class=\"elementor-element elementor-element-438c24b elementor-widget elementor-widget-heading\" data-id=\"438c24b\" data-element_type=\"widget\" data-widget_type=\"heading.default\">\n\t\t\t\t\t<h2 class=\"elementor-heading-title elementor-size-default\">Cookies e pol\u00edticas de privacidade<\/h2>\t\t\t\t<\/div>\n\t\t\t\t<div class=\"elementor-element elementor-element-72ae0fc1 elementor-widget elementor-widget-text-editor\" data-id=\"72ae0fc1\" data-element_type=\"widget\" data-widget_type=\"text-editor.default\">\n\t\t\t\t\t\t\t\t\t<h2>Pol\u00edtica de Privacidade<\/h2><p>Neste site, uma das nossas principais prioridades \u00e9 a privacidade dos nossos visitantes. Este documento de Pol\u00edtica de Privacidade cont\u00e9m os tipos de informa\u00e7\u00f5es que s\u00e3o recolhidas e registadas neste site e como as utilizamos.<\/p><p>Solicitamos informa\u00e7\u00f5es pessoais apenas quando necess\u00e1rio, para prestar um servi\u00e7o ao utilizador e nunca as partilhamos publicamente ou com terceiros, exceto quando exigido por lei ou autorizado pelo utilizador. Esta pol\u00edtica aplica-se apenas \u00e0s nossas atividades online e aos visitantes do nosso website no que diz respeito \u00e0s informa\u00e7\u00f5es que partilharam e\/ou recolheram.<\/p><p>Esta pol\u00edtica n\u00e3o se aplica a quaisquer informa\u00e7\u00f5es recolhidas offline ou atrav\u00e9s de canais que n\u00e3o sejam este website.<\/p><p>Se tiver mais perguntas ou precisar de mais informa\u00e7\u00f5es sobre a nossa Pol\u00edtica de Privacidade, entre em contacto connosco por e-mail: <a class=\"notion-link-token notion-focusable-token notion-enable-hover\" tabindex=\"0\" href=\"mailto:hello@holidayonj.com\" rel=\"noopener noreferrer\" data-token-index=\"0\"><span class=\"link-annotation-unknown-block-id--874372772\">hello@holidayonj.com<\/span><\/a><!-- notionvc: c800df4f-10f5-4ccf-8851-b355fdedf6f2 --><\/p><h3>Consentimento<\/h3><p>Ao utilizar o nosso website, concorda com a nossa Pol\u00edtica de Privacidade e aceita os seus termos.<\/p><h3>Como utilizamos as suas informa\u00e7\u00f5es<\/h3><ul><li>Para operar e manter o nosso website<\/li><li>Para melhorar, personalizar e expandir o nosso website<\/li><li>Compreender e analisar como utiliza o nosso website<\/li><li>Desenvolver novos produtos, servi\u00e7os, recursos e funcionalidades<\/li><li>Comunicar-nos consigo, diretamente ou atrav\u00e9s de um dos nossos parceiros, incluindo para atendimento ao cliente, para lhe fornecer atualiza\u00e7\u00f5es e outras informa\u00e7\u00f5es relacionadas com o site, e para fins de marketing<\/li><li>Enviar-lhe e-mails<\/li><li>Detetar e prevenir fraudes<\/li><\/ul><h3>Ficheiros de registo<\/h3><p>Este site segue um procedimento padr\u00e3o de utiliza\u00e7\u00e3o de ficheiros de registo. Estes ficheiros registam os visitantes quando estes visitam sites. As informa\u00e7\u00f5es recolhidas pelos ficheiros de registo incluem endere\u00e7os de protocolo de Internet (IP), tipo de navegador, fornecedor de servi\u00e7os de Internet (ISP), data e hora, p\u00e1ginas de refer\u00eancia\/sa\u00edda e, possivelmente, o n\u00famero de cliques. Estas informa\u00e7\u00f5es n\u00e3o est\u00e3o ligadas a quaisquer dados pessoais identific\u00e1veis. O objetivo das informa\u00e7\u00f5es \u00e9 analisar tend\u00eancias, administrar o site, rastrear o movimento dos utilizadores no site e coletar informa\u00e7\u00f5es demogr\u00e1ficas.<\/p><h3>Cookies e Web Beacons<\/h3><p>Como qualquer outro site, utilizamos \u00abcookies\u00bb. Esses cookies s\u00e3o usados para armazenar v\u00e1rios tipos de informa\u00e7\u00f5es, incluindo as prefer\u00eancias dos visitantes e as p\u00e1ginas do site que eles acessaram. As informa\u00e7\u00f5es s\u00e3o usadas para otimizar a experi\u00eancia do utilizador, personalizando o conte\u00fado da nossa p\u00e1gina da web com base no tipo de navegador do visitante e\/ou outras informa\u00e7\u00f5es.<\/p><h3>Pol\u00edticas de Privacidade de Terceiros<\/h3><p>A Pol\u00edtica de Privacidade deste site n\u00e3o se aplica a outros anunciantes ou sites. Assim sendo, recomendamos que consulte as respetivas pol\u00edticas de privacidade.<\/p><p>Os servidores de an\u00fancios ou redes de an\u00fancios de terceiros utilizam tecnologias como cookies, JavaScript ou Web Beacons que s\u00e3o utilizados nos seus respetivos an\u00fancios e links que podem aparecer neste site, os quais s\u00e3o enviados diretamente para o navegador dos utilizadores. Quando isso ocorre, eles recebem automaticamente o seu endere\u00e7o IP. Essas tecnologias s\u00e3o utilizadas para medir a efic\u00e1cia das suas campanhas publicit\u00e1rias e\/ou para personalizar o conte\u00fado publicit\u00e1rio que voc\u00ea v\u00ea nos sites que visita.<\/p><p>Tenha em aten\u00e7\u00e3o que n\u00e3o temos acesso nem controlo sobre esses cookies utilizados por terceiros.<\/p><h3>Direitos de Privacidade da CCPA<\/h3><p>Nos termos da CCPA, entre outros direitos, os consumidores da Calif\u00f3rnia t\u00eam o direito de:<\/p><ul><li>Solicitar que uma empresa que recolhe os dados pessoais de um consumidor divulgue as categorias e os itens espec\u00edficos desses dados pessoais.<\/li><li>Solicitar que uma empresa elimine quaisquer dados pessoais sobre o consumidor que tenha recolhido.<\/li><li>Solicitar que uma empresa pare de vender os seus dados pessoais.<\/li><\/ul><p>Se fizer um pedido, temos um m\u00eas para lhe responder. Se desejar exercer algum destes direitos, entre em contacto connosco.<\/p><h3>Direitos de prote\u00e7\u00e3o de dados do RGPD<\/h3><p>Gostar\u00edamos de garantir que est\u00e1 plenamente ciente de todos os seus direitos em mat\u00e9ria de prote\u00e7\u00e3o de dados. Todos os utilizadores t\u00eam direito ao seguinte:<\/p><p>Direito de acesso \u2013 Tem o direito de solicitar c\u00f3pias dos seus dados pessoais. Podemos cobrar uma pequena taxa por este servi\u00e7o.<\/p><p>Direito de retifica\u00e7\u00e3o \u2013 Tem o direito de solicitar que retifiquemos qualquer informa\u00e7\u00e3o que considere incorreta. Tamb\u00e9m tem o direito de solicitar que completemos informa\u00e7\u00f5es que considere incompletas.<\/p><p>Direito ao apagamento \u2013 Tem o direito de solicitar que apaguemos os seus dados pessoais, sob determinadas condi\u00e7\u00f5es.<\/p><p>Direito de restringir o processamento \u2013 Tem o direito de solicitar que o processamento dos seus dados pessoais seja restringido, sob certas condi\u00e7\u00f5es.<\/p><p>Direito de se opor ao processamento \u2013 Tem o direito de se opor ao processamento dos seus dados pessoais, sob certas condi\u00e7\u00f5es.<\/p><p>Direito \u00e0 portabilidade dos dados \u2013 Tem o direito de solicitar que os dados que recolhemos sobre si sejam transferidos para outra organiza\u00e7\u00e3o ou diretamente para si, sob determinadas condi\u00e7\u00f5es.<\/p><p>Se fizer um pedido, temos um m\u00eas para lhe responder. Se desejar exercer algum destes direitos, entre em contacto connosco.<\/p><h3>Informa\u00e7\u00f5es sobre crian\u00e7as<\/h3><p>Este site n\u00e3o recolhe intencionalmente quaisquer informa\u00e7\u00f5es pessoais identific\u00e1veis de crian\u00e7as menores de 13 anos. Se suspeitar que o seu filho forneceu alguma informa\u00e7\u00e3o no nosso site, entre em contacto connosco imediatamente e envidaremos todos os esfor\u00e7os para remover prontamente tais informa\u00e7\u00f5es dos nossos registos.<\/p><h3>Divulga\u00e7\u00e3o dos seus dados para fins legais<\/h3><p>Por vezes, pode ser necess\u00e1rio, para fins legais, divulgar as suas informa\u00e7\u00f5es em resposta a um pedido de uma ag\u00eancia governamental ou entidade privada. Assim, os utilizadores do nosso website concordam que podemos divulgar as suas informa\u00e7\u00f5es a terceiros quando acreditarmos, de boa-f\u00e9, que \u00e9 desej\u00e1vel faz\u00ea-lo para fins de a\u00e7\u00e3o civil, investiga\u00e7\u00e3o criminal ou outro assunto legal.<\/p><p>Tamb\u00e9m podemos denunci\u00e1-lo proativamente e divulgar as suas informa\u00e7\u00f5es a terceiros quando acreditarmos ser prudente faz\u00ea-lo por motivos legais, como por exemplo, se acreditarmos que voc\u00ea se envolveu em atividades fraudulentas.<\/p><p>Qualquer transmiss\u00e3o de dados pessoais para fins legais ser\u00e1 feita apenas de acordo com as leis do pa\u00eds em que reside.<\/p><h2>Pol\u00edtica de Cookies<\/h2><h3>O que s\u00e3o cookies<\/h3><p>Como \u00e9 pr\u00e1tica comum em quase todos os sites, este site utiliza cookies, que s\u00e3o pequenos ficheiros que s\u00e3o descarregados para o seu computador para melhorar a sua experi\u00eancia. Esta p\u00e1gina descreve as informa\u00e7\u00f5es que esses cookies recolhem, como as utilizamos e por que precisamos armazen\u00e1-las. Tamb\u00e9m partilhamos como pode impedir que esses cookies sejam armazenados. No entanto, isso pode diminuir ou \u00abinterromper\u00bb certos elementos da funcionalidade dos sites.<\/p><h3>Desativar cookies<\/h3><p>Na maioria dos casos, n\u00e3o existem op\u00e7\u00f5es padr\u00e3o da ind\u00fastria para desativar cookies sem desativar completamente a funcionalidade e os recursos que eles adicionam a este site. Recomenda-se que mantenha todos os cookies ativados se n\u00e3o tiver certeza se precisa ou n\u00e3o deles, pois eles podem ser necess\u00e1rios para fornecer um servi\u00e7o que utiliza.<\/p><p>Pode impedir que os cookies sejam definidos ajustando as configura\u00e7\u00f5es do seu navegador (consulte a ajuda do seu navegador para saber como fazer isso). Esteja ciente de que desativar os cookies afetar\u00e1 a funcionalidade deste site e de muitos outros sites que visita.<\/p><h3>Cookies de terceiros<\/h3><p>Em alguns casos, tamb\u00e9m utilizamos cookies fornecidos por terceiros de confian\u00e7a.<\/p><p><span style=\"font-weight: 400;\">Este site usa o Google Analytics, que \u00e9 uma das solu\u00e7\u00f5es de an\u00e1lise mais difundidas e confi\u00e1veis da web, para nos ajudar a entender como voc\u00ea usa o site e como podemos melhorar a sua experi\u00eancia. Esses cookies podem registrar informa\u00e7\u00f5es como o tempo que voc\u00ea passa no site e as p\u00e1ginas que visita, para que possamos continuar a produzir conte\u00fado envolvente.<\/span><\/p><p>Tamb\u00e9m podemos utilizar outras funcionalidades de determinadas redes sociais. Para que estas funcionem, essas plataformas colocar\u00e3o cookies no nosso website, que poder\u00e3o ser utilizados para melhorar o seu perfil nesses websites, de acordo com as respetivas pol\u00edticas de privacidade.<\/p><h2>Mais informa\u00e7\u00f5es<\/h2><p>Esperamos que estas pol\u00edticas tenham sido esclarecedoras. No entanto, se precisar de mais informa\u00e7\u00f5es, pode contactar-nos atrav\u00e9s do seguinte endere\u00e7o: <a class=\"notion-link-token notion-focusable-token notion-enable-hover\" tabindex=\"0\" href=\"mailto:hello@holidayonj.com\" rel=\"noopener noreferrer\" data-token-index=\"0\"><span class=\"link-annotation-unknown-block-id--874372772\">hello@holidayonj.com<\/span><\/a>.<\/p><p>Esta pol\u00edtica \u00e9 v\u00e1lida a partir de outubro de 2025.<\/p>\t\t\t\t\t\t\t\t<\/div>\n\t\t\t\t\t<\/div>\n\t\t\t\t<\/div>\n\t\t\t\t<\/div>","protected":false},"excerpt":{"rendered":"<p>Cookies and Privacy Policies Privacy Policy On this website, one of our top priorities is the privacy of our visitors. This Privacy Policy document contains the types of information that are collected and recorded on this website and how we use it. We request personal information only when we need it to provide a service [&hellip;]<\/p>","protected":false},"author":1,"featured_media":1589,"parent":0,"menu_order":0,"comment_status":"closed","ping_status":"open","template":"","meta":{"_acf_changed":false,"footnotes":""},"class_list":["post-3","page","type-page","status-publish","has-post-thumbnail","hentry"],"acf":[],"_links":{"self":[{"href":"https:\/\/22loungelisbon.com\/pt\/wp-json\/wp\/v2\/pages\/3","targetHints":{"allow":["GET"]}}],"collection":[{"href":"https:\/\/22loungelisbon.com\/pt\/wp-json\/wp\/v2\/pages"}],"about":[{"href":"https:\/\/22loungelisbon.com\/pt\/wp-json\/wp\/v2\/types\/page"}],"author":[{"embeddable":true,"href":"https:\/\/22loungelisbon.com\/pt\/wp-json\/wp\/v2\/users\/1"}],"replies":[{"embeddable":true,"href":"https:\/\/22loungelisbon.com\/pt\/wp-json\/wp\/v2\/comments?post=3"}],"version-history":[{"count":96,"href":"https:\/\/22loungelisbon.com\/pt\/wp-json\/wp\/v2\/pages\/3\/revisions"}],"predecessor-version":[{"id":2127,"href":"https:\/\/22loungelisbon.com\/pt\/wp-json\/wp\/v2\/pages\/3\/revisions\/2127"}],"wp:featuredmedia":[{"embeddable":true,"href":"https:\/\/22loungelisbon.com\/pt\/wp-json\/wp\/v2\/media\/1589"}],"wp:attachment":[{"href":"https:\/\/22loungelisbon.com\/pt\/wp-json\/wp\/v2\/media?parent=3"}],"curies":[{"name":"wp","href":"https:\/\/api.w.org\/{rel}","templated":true}]}}